{"id":373,"date":"2020-10-10T21:59:05","date_gmt":"2020-10-10T19:59:05","guid":{"rendered":"https:\/\/www.denovomovemento.com\/restablecer-contrasena\/"},"modified":"2022-05-17T00:03:11","modified_gmt":"2022-05-16T22:03:11","slug":"restablecer-contrasinal","status":"publish","type":"page","link":"https:\/\/www.denovomovemento.com\/gl\/restablecer-contrasinal\/","title":{"rendered":"Restablecer Contrasinal"},"content":{"rendered":"<p>[vc_section][vc_row][vc_column el_class=&#8221;container&#8221;][vc_column_text]    <div class=\"login-body\">\n                <form id=\"formResetPwd\" method=\"post\" action=\"https:\/\/www.denovomovemento.com\/wp-content\/themes\/denovo\/inc\/controlador.php\">\n            <input type=\"hidden\" name=\"opcion\" value=\"reset-password-send\">\n            <p>Introduce o teu correo electr\u00f3nico e enviar\u00e9mosche un email cos pasos a seguir para obter un novo contrasinal de acceso.<\/p>\n            <div class=\"form-group input-icon\">\n                <input name=\"user_login\" type=\"text\" class=\"form-control\" id=\"login\" placeholder=\"Correo electr\u00f3nico\">\n                <i class=\"ti ti-mail\"><\/i>\n            <\/div>\n            <div class=\"form-group\">\n                <div class=\"form-check\">\n                    <input id=\"privacidad\" name=\"privacidad\" type=\"checkbox\">\n                    <label>\n                        Lin e acepto <a href=\"https:\/\/www.denovomovemento.com\/gl\/politica-de-privacidade\/\" target=\"_blank\" rel=\"nofollow\">Pol\u00edtica de privacidade<\/a>\n                    <\/label>\n                <\/div>\n            <\/div><!-- .form-group -->\n            <div class=\"alert alert-danger msg-error d-none\"><\/div>\n            <div class=\"alert alert-info msg-ok d-none\"><\/div>\n            <div class=\"btnLoaderContainer\">\n                <input type=\"submit\" class=\"btn btn-primary btn-lg btn-block input-reset d-none\" value=\"Enviar\">\n                <a href=\"#\" class=\"btn btn-primary btn-lg btn-block btn-reset\">ENVIAR<\/a>\n                <div class=\"clearfix\"><\/div>\n            <\/div><!-- .btnLoaderContainer -->\n        <\/form>\n            <\/div><!-- .login-body -->\n\n    <script>\n        jQuery(function($){\n            $(document).on('submit', '#formResetPwd', function(event) {\n                event.preventDefault();\n\n                $(\".msg-error\").hide();\n                $(\".msg-ok\").hide();\n\n                $(\".msg-error\").removeClass('d-none');\n                $(\".msg-ok\").removeClass('d-none');\n                \n                if(!$(\"#login\").val()){\n                    $(\".msg-error\").html(\"Debes indicar o teu nome de usuario ou correo electr\u00f3nico\");\n                    $(\".msg-error\").fadeIn();\n                }\n                else if(!$(\"#privacidad\").is(':checked')){\n                    $(\".msg-error\").html('Debes aceptar la pol\u00edtica de privacidade');\n                    $(\".msg-error\").fadeIn();\n                }\n                else{\n                    $(\".btn-reset\").addClass('transparent-text');\n                    $(\".btn-reset\").spin(\"small\");\n                    \n                    $.post(TEMPLATE_URL+'\/inc\/user-flow\/controlador.php', $(\"#formResetPwd\").serialize(), function(data, textStatus, xhr) {\n                        $(\".btn-reset\").removeClass('transparent-text');\n                        $(\".btn-reset\").spin(false);\n\n                        if(data == 'ERROR'){\n                            $(\".msg-error\").html(\"O usuario indicado non se atopa na nosa base de datos\");\n                            $(\".msg-error\").fadeIn();\n                        }\n                        else{\n                            $(\".msg-ok\").html(\"Enviouse un email \u00e1 t\u00faa direcci\u00f3n de correo electr\u00f3nico cos pasos a seguir para xerar un novo contrasinal. Recorda revisar a bandexa de spam se non o recibes nuns minutos.\");\n                            $(\".msg-ok\").fadeIn();\n\n                            $('#formResetPwd')[0].reset();\n                        }\n                    });  \n                }\n            });\n\n            $(document).on('click', '.btn-reset', function(event) {\n                event.preventDefault();\n                $(\".input-reset\").click();\n            });\n\n            $(document).on('submit', '#formResetPwdChange', function(event) {\n                event.preventDefault();\n\n                $(\".msg-error\").hide();\n                $(\".msg-ok\").hide();\n\n                $(\".msg-error\").removeClass('d-none');\n                $(\".msg-ok\").removeClass('d-none');\n                \n                if(!$(\"#login\").val() || !$(\"#key\").val()){\n                    $(\".msg-error\").html(\"Non foi posible modificar o contrasinal\");\n                    $(\".msg-error\").fadeIn();\n                }\n                else if(!$(\"#password\").val()){\n                    $(\".msg-error\").html(\"Debes indicar un novo contrasinal\");\n                    $(\".msg-error\").fadeIn();\n                }\n                else if($(\"#password\").val() != $(\"#password_re\").val()){\n                    $(\".msg-error\").html(\"Os contrasinais non coinciden\");\n                    $(\".msg-error\").fadeIn();\n                }\n                else{\n                    $(\".btn-reset-change\").addClass('transparent-text');\n                    $(\".btn-reset-change\").spin(\"small\");\n                    \n                    $.post(TEMPLATE_URL+'\/inc\/user-flow\/controlador.php', $(\"#formResetPwdChange\").serialize(), function(data, textStatus, xhr) {\n                        $(\".btn-reset-change\").removeClass('transparent-text');\n                        $(\".btn-reset-change\").spin(false);\n\n                        if(data == 'ERROR'){\n                            $(\".msg-error\").html(\"A ligaz\u00f3n caducou ou non \u00e9 v\u00e1lida. Por favor, inicia unha nova solicitude para restablecer o contrasinal.\");\n                            $(\".msg-error\").fadeIn();\n                        }\n                        else{\n                            $(\".msg-ok\").html(\"O contrasinal foi modificado con \u00e9xito.\");\n                            $(\".msg-ok\").fadeIn();\n\n                            $('#formResetPwdChange')[0].reset();\n                        }\n                    });  \n                }\n            });\n\n            $(document).on('click', '.btn-reset-change', function(event) {\n                event.preventDefault();\n                $(\".input-reset-change\").click();\n            });\n        });\n    <\/script>\n[\/vc_column_text][\/vc_column][\/vc_row][\/vc_section]<\/p>\n","protected":false},"excerpt":{"rendered":"<p>[vc_section][vc_row][vc_column el_class=&#8221;container&#8221;][vc_column_text][\/vc_column_text][\/vc_column][\/vc_row][\/vc_section]<\/p>\n","protected":false},"author":1,"featured_media":0,"parent":0,"menu_order":0,"comment_status":"closed","ping_status":"closed","template":"","meta":[],"yoast_head":"<!-- This site is optimized with the Yoast SEO plugin v18.8 - https:\/\/yoast.com\/wordpress\/plugins\/seo\/ -->\n<title>Restablecer Contrasinal - Denovo Movemento<\/title>\n<meta name=\"robots\" content=\"index, follow, max-snippet:-1, max-image-preview:large, max-video-preview:-1\" \/>\n<link rel=\"canonical\" href=\"https:\/\/www.denovomovemento.com\/gl\/restablecer-contrasinal\/\" \/>\n<meta property=\"og:locale\" content=\"gl_ES\" \/>\n<meta property=\"og:type\" content=\"article\" \/>\n<meta property=\"og:title\" content=\"Restablecer Contrasinal - Denovo Movemento\" \/>\n<meta property=\"og:description\" content=\"[vc_section][vc_row][vc_column el_class=&#8221;container&#8221;][vc_column_text][\/vc_column_text][\/vc_column][\/vc_row][\/vc_section]\" \/>\n<meta property=\"og:url\" content=\"https:\/\/www.denovomovemento.com\/gl\/restablecer-contrasinal\/\" \/>\n<meta property=\"og:site_name\" content=\"Denovo Movemento\" \/>\n<meta property=\"article:modified_time\" content=\"2022-05-16T22:03:11+00:00\" \/>\n<meta name=\"twitter:card\" content=\"summary_large_image\" \/>\n<script type=\"application\/ld+json\" class=\"yoast-schema-graph\">{\"@context\":\"https:\/\/schema.org\",\"@graph\":[{\"@type\":\"WebSite\",\"@id\":\"https:\/\/www.denovomovemento.com\/#website\",\"url\":\"https:\/\/www.denovomovemento.com\/\",\"name\":\"Denovo Movemento\",\"description\":\"\",\"potentialAction\":[{\"@type\":\"SearchAction\",\"target\":{\"@type\":\"EntryPoint\",\"urlTemplate\":\"https:\/\/www.denovomovemento.com\/?s={search_term_string}\"},\"query-input\":\"required name=search_term_string\"}],\"inLanguage\":\"gl-ES\"},{\"@type\":\"WebPage\",\"@id\":\"https:\/\/www.denovomovemento.com\/gl\/restablecer-contrasinal\/#webpage\",\"url\":\"https:\/\/www.denovomovemento.com\/gl\/restablecer-contrasinal\/\",\"name\":\"Restablecer Contrasinal - Denovo Movemento\",\"isPartOf\":{\"@id\":\"https:\/\/www.denovomovemento.com\/#website\"},\"datePublished\":\"2020-10-10T19:59:05+00:00\",\"dateModified\":\"2022-05-16T22:03:11+00:00\",\"breadcrumb\":{\"@id\":\"https:\/\/www.denovomovemento.com\/gl\/restablecer-contrasinal\/#breadcrumb\"},\"inLanguage\":\"gl-ES\",\"potentialAction\":[{\"@type\":\"ReadAction\",\"target\":[\"https:\/\/www.denovomovemento.com\/gl\/restablecer-contrasinal\/\"]}]},{\"@type\":\"BreadcrumbList\",\"@id\":\"https:\/\/www.denovomovemento.com\/gl\/restablecer-contrasinal\/#breadcrumb\",\"itemListElement\":[{\"@type\":\"ListItem\",\"position\":1,\"name\":\"Restablecer Contrasinal\"}]}]}<\/script>\n<!-- \/ Yoast SEO plugin. -->","yoast_head_json":{"title":"Restablecer Contrasinal - Denovo Movemento","robots":{"index":"index","follow":"follow","max-snippet":"max-snippet:-1","max-image-preview":"max-image-preview:large","max-video-preview":"max-video-preview:-1"},"canonical":"https:\/\/www.denovomovemento.com\/gl\/restablecer-contrasinal\/","og_locale":"gl_ES","og_type":"article","og_title":"Restablecer Contrasinal - Denovo Movemento","og_description":"[vc_section][vc_row][vc_column el_class=&#8221;container&#8221;][vc_column_text][\/vc_column_text][\/vc_column][\/vc_row][\/vc_section]","og_url":"https:\/\/www.denovomovemento.com\/gl\/restablecer-contrasinal\/","og_site_name":"Denovo Movemento","article_modified_time":"2022-05-16T22:03:11+00:00","twitter_card":"summary_large_image","schema":{"@context":"https:\/\/schema.org","@graph":[{"@type":"WebSite","@id":"https:\/\/www.denovomovemento.com\/#website","url":"https:\/\/www.denovomovemento.com\/","name":"Denovo Movemento","description":"","potentialAction":[{"@type":"SearchAction","target":{"@type":"EntryPoint","urlTemplate":"https:\/\/www.denovomovemento.com\/?s={search_term_string}"},"query-input":"required name=search_term_string"}],"inLanguage":"gl-ES"},{"@type":"WebPage","@id":"https:\/\/www.denovomovemento.com\/gl\/restablecer-contrasinal\/#webpage","url":"https:\/\/www.denovomovemento.com\/gl\/restablecer-contrasinal\/","name":"Restablecer Contrasinal - Denovo Movemento","isPartOf":{"@id":"https:\/\/www.denovomovemento.com\/#website"},"datePublished":"2020-10-10T19:59:05+00:00","dateModified":"2022-05-16T22:03:11+00:00","breadcrumb":{"@id":"https:\/\/www.denovomovemento.com\/gl\/restablecer-contrasinal\/#breadcrumb"},"inLanguage":"gl-ES","potentialAction":[{"@type":"ReadAction","target":["https:\/\/www.denovomovemento.com\/gl\/restablecer-contrasinal\/"]}]},{"@type":"BreadcrumbList","@id":"https:\/\/www.denovomovemento.com\/gl\/restablecer-contrasinal\/#breadcrumb","itemListElement":[{"@type":"ListItem","position":1,"name":"Restablecer Contrasinal"}]}]}},"_links":{"self":[{"href":"https:\/\/www.denovomovemento.com\/gl\/wp-json\/wp\/v2\/pages\/373"}],"collection":[{"href":"https:\/\/www.denovomovemento.com\/gl\/wp-json\/wp\/v2\/pages"}],"about":[{"href":"https:\/\/www.denovomovemento.com\/gl\/wp-json\/wp\/v2\/types\/page"}],"author":[{"embeddable":true,"href":"https:\/\/www.denovomovemento.com\/gl\/wp-json\/wp\/v2\/users\/1"}],"replies":[{"embeddable":true,"href":"https:\/\/www.denovomovemento.com\/gl\/wp-json\/wp\/v2\/comments?post=373"}],"version-history":[{"count":3,"href":"https:\/\/www.denovomovemento.com\/gl\/wp-json\/wp\/v2\/pages\/373\/revisions"}],"predecessor-version":[{"id":439,"href":"https:\/\/www.denovomovemento.com\/gl\/wp-json\/wp\/v2\/pages\/373\/revisions\/439"}],"wp:attachment":[{"href":"https:\/\/www.denovomovemento.com\/gl\/wp-json\/wp\/v2\/media?parent=373"}],"curies":[{"name":"wp","href":"https:\/\/api.w.org\/{rel}","templated":true}]}}