{"id":370,"date":"2020-09-09T08:35:29","date_gmt":"2020-09-09T06:35:29","guid":{"rendered":"https:\/\/www.denovomovemento.com\/politica-de-cookies\/"},"modified":"2020-09-09T08:35:29","modified_gmt":"2020-09-09T06:35:29","slug":"politica-de-cookies","status":"publish","type":"page","link":"https:\/\/www.denovomovemento.com\/gl\/politica-de-cookies\/","title":{"rendered":"Pol\u00edtica de Cookies"},"content":{"rendered":"<p>[vc_section][vc_row][vc_column el_class=&#8221;container&#8221;][vc_column_text]<strong>\u00bfQu\u00e9 son las cookies?<\/strong><\/p>\n<p>Se denominan cookies a unos peque\u00f1os archivos que se graban en el navegador utilizado por cada visitante de nuestra web para que el servidor pueda recordar la visita de ese usuario con posterioridad cuando vuelva a acceder a nuestros contenidos. Esta informaci\u00f3n no revela su identidad, ni dato personal alguno, ni accede al contenido almacenado en su pc, pero s\u00ed que permite a nuestro sistema identificarle a usted como un usuario (an\u00f3nimo) determinado que ya visit\u00f3 la web con anterioridad, visualiz\u00f3 determinadas p\u00e1ginas, etc. y adem\u00e1s permite guardar sus preferencias personales e informaci\u00f3n t\u00e9cnica como por ejemplo las visitas realizadas o p\u00e1ginas concretas que visite.<\/p>\n<p><strong>Gestionar Cookies<\/strong><\/p>\n<p>Al acceder a la web, se le muestra al usuario una capa informativa donde se le indica que podr\u00e1 aceptar las cookies, configurar el tratamiento o rechazarlas.<\/p>\n<p>Mediante un peque\u00f1o panel de configuraci\u00f3n, el usuario prodr\u00e1 aceptar o rechazar la instalaci\u00f3n de las cookies, excepto aquellas estrictamente necesarias (cookies t\u00e9cnicas), sin las cuales la web no puede funcionar de forma correcta.<\/p>\n<p><a class=\"open-dcs-cookies\" href=\"#\">Configurar cookies<\/a><\/p>\n<p>Si usted no desea que se guarden cookies en su navegador o prefiere recibir una informaci\u00f3n cada vez que una cookie solicite instalarse, puede configurar sus opciones de navegaci\u00f3n para que se haga de esa forma. La mayor parte de los navegadores permiten la gesti\u00f3n de las cookies de 3 formas diferentes:<\/p>\n<ul>\n<li>Las cookies son siempre rechazadas;<\/li>\n<li>El navegador pregunta si el usuario desea instalar cada cookie;<\/li>\n<li>Las cookies son siempre aceptadas;<\/li>\n<\/ul>\n<p>Su navegador tambi\u00e9n puede incluir la posibilidad de seleccionar con detalle las cookies que desea que se instalen en su ordenador. En concreto, el usuario puede normalmente aceptar alguna de las siguientes opciones:<\/p>\n<ul>\n<li>rechazar las cookies de determinados dominios;<\/li>\n<li>rechazar las cookies de terceros;<\/li>\n<li>aceptar cookies como no persistentes (se eliminan cuando el navegador se cierra);<\/li>\n<li>permitir al servidor crear cookies para un dominio diferente.<\/li>\n<\/ul>\n<p>Puede encontrar informaci\u00f3n sobre c\u00f3mo configurar los navegadores m\u00e1s usados en los siguientes enlaces:<\/p>\n<ul>\n<li><a href=\"http:\/\/support.google.com\/chrome\/bin\/answer.py?hl=es&amp;answer=95647\" target=\"_blank\" rel=\"noopener noreferrer\">Google Chrome<\/a><\/li>\n<li><a href=\"http:\/\/windows.microsoft.com\/es-es\/windows7\/how-to-manage-cookies-in-internet-explorer-9\" target=\"_blank\" rel=\"noopener noreferrer\">Internet Explorer<\/a><\/li>\n<li><a href=\"http:\/\/support.mozilla.org\/es\/kb\/habilitar-y-deshabilitar-cookies-que-los-sitios-we\" target=\"_blank\" rel=\"noopener noreferrer\">Mozilla Firefox<\/a>\u00a0\u2013\u00a0<a href=\"http:\/\/support.mozilla.org\/es\/kb\/Borrar%20cookies\" target=\"_blank\" rel=\"noopener noreferrer\">(Borrar Cookies en Mozilla Firefox)<\/a><\/li>\n<li><a href=\"http:\/\/support.apple.com\/kb\/ph5042\" target=\"_blank\" rel=\"noopener noreferrer\">Safari<\/a>\u00a0\u2013\u00a0<a href=\"http:\/\/es.wikihow.com\/borrar-cookies-en-Safari\" target=\"_blank\" rel=\"noopener noreferrer\">(Borrar Cookies en Safari)<\/a><\/li>\n<\/ul>\n<p>Respecto de las cookies de terceros, es decir aquellas que son ajenas a nuestro sitio web, no podemos hacernos responsables del contenido y veracidad de las pol\u00edticas de privacidad que ellos incluyen por lo que la informaci\u00f3n que le ofrecemos es siempre con referencia a la fuente. En caso de dudas dirijase al webmaster del dominio creador de la cookie.<\/p>\n<p>Si desea consultar las condiciones completas de uso del sitio www.denovomovemento.com puede hacerlo en\u00a0<a title=\"Aviso Legal y Pol\u00edtica de privacidad\" href=\"https:\/\/www.denovomovemento.com\/gl\/aviso-legal\/\" target=\"_blank\" rel=\"noopener noreferrer\">este enlace<\/a>.<\/p>\n<p>A continuaci\u00f3n le informamos detalladamente de las cookies que pueden instalarse desde nuestro sitio www.denovomovemento.com . En funci\u00f3n de su navegaci\u00f3n podr\u00e1n instalarse todas o s\u00f3lo algunas de ellas.<\/p>\n<div class=\"table-responsive\">\n<table class=\"table table-striped\">\n<tbody>\n<tr>\n<th>Nombre de la cookie<\/th>\n<th>Dominio<\/th>\n<th>Duraci\u00f3n<\/th>\n<th>Tipo<\/th>\n<th>Categor\u00eda<\/th>\n<th>Descripci\u00f3n<\/th>\n<\/tr>\n<tr>\n<td>PHPSESSID<\/td>\n<td>denovomovemento.com<\/td>\n<td>Sesi\u00f3n<\/td>\n<td>Propia<\/td>\n<td>T\u00e9cnica<\/td>\n<td>Esta cookie es usada por el lenguaje de encriptado PHP para permitir que las variables de SESI\u00d3N sean guardadas en el servidor web. Esta cookie es esencial para el funcionamiento de la web.<\/td>\n<\/tr>\n<tr>\n<td>wordpress_logged_in_[hash]<\/td>\n<td>denovomovemento.com<\/td>\n<td>Sesi\u00f3n<\/td>\n<td>Propia<\/td>\n<td>T\u00e9cnica<\/td>\n<td>Identifica al usuario logeado en la web.<\/td>\n<\/tr>\n<tr>\n<td>wordpress_[hash]<\/td>\n<td>denovomovemento.com<\/td>\n<td>Sesi\u00f3n<\/td>\n<td>Propia<\/td>\n<td>T\u00e9cnica<\/td>\n<td>Esta cookie se activa durante el login y guarda los detalles de autentificaci\u00f3n. Su uso est\u00e1 limitado al \u00e1rea de administraci\u00f3n.<\/td>\n<\/tr>\n<tr>\n<td>dcs-cookies-closed<\/td>\n<td>denovomovemento.com<\/td>\n<td>1 mes<\/td>\n<td>Propia<\/td>\n<td>T\u00e9cnica<\/td>\n<td>Determina si el usuario ha cerrado o no la capa donde se informa del uso de cookies.<\/td>\n<\/tr>\n<tr>\n<td>dcs-cookies-groups<\/td>\n<td>denovomovemento.com<\/td>\n<td>1 mes<\/td>\n<td>Propia<\/td>\n<td>T\u00e9cnica<\/td>\n<td>Determina los grupos de cookies que el usuario ha aceptado que sean instalados al navegar por la web.<\/td>\n<\/tr>\n<tr>\n<td>_gat_*<\/td>\n<td>denovomovemento.com<\/td>\n<td>Unos segundos<\/td>\n<td>Terceros<\/td>\n<td>Anal\u00edtica<\/td>\n<td>Esta es una cookie de tipo de patr\u00f3n establecida por Google Analytics, donde el elemento del patr\u00f3n en el nombre contiene el n\u00famero de identidad \u00fanico de la cuenta o sitio web con el que se relaciona. Parece ser una variaci\u00f3n de la cookie _gat que se utiliza para limitar la cantidad de datos registrados por Google en sitios web de alto volumen de tr\u00e1fico.<\/td>\n<\/tr>\n<tr>\n<td>_gid<\/td>\n<td>denovomovemento.com<\/td>\n<td>1 d\u00eda<\/td>\n<td>Terceros<\/td>\n<td>Anal\u00edtica<\/td>\n<td>Cookie establecida por Google Universal Analytics. Almacena y actualiza un valor \u00fanico para cada p\u00e1gina visitada.<\/td>\n<\/tr>\n<tr>\n<td>_ga, _ga_ID<\/td>\n<td>denovomovemento.com<\/td>\n<td>2 a\u00f1os<\/td>\n<td>Terceros<\/td>\n<td>Anal\u00edtica<\/td>\n<td>Cookie establecida por Google Analytics. Esta cookie se utiliza para distinguir usuarios \u00fanicos mediante la asignaci\u00f3n de un n\u00famero generado aleatoriamente como un identificador de cliente. Se incluye en cada solicitud de p\u00e1gina en un sitio y se utiliza para calcular los datos de visitantes, sesiones y campa\u00f1as para los informes anal\u00edticos de los sitios.<\/td>\n<\/tr>\n<tr>\n<td>__Secure-3PSIDCC<\/td>\n<td>google.com<\/td>\n<td>1 a\u00f1o<\/td>\n<td>Terceros<\/td>\n<td>Publicitaria<\/td>\n<td>Esta cookie se utiliza para entregar anuncios m\u00e1s relevantes para ti y tus intereses.<\/td>\n<\/tr>\n<tr>\n<td>__Secure-3PSID<\/td>\n<td>google.com<\/td>\n<td>2 a\u00f1os<\/td>\n<td>Terceros<\/td>\n<td>Publicitaria<\/td>\n<td>Esta cookie se utiliza para entregar anuncios m\u00e1s relevantes para ti y tus intereses.<\/td>\n<\/tr>\n<tr>\n<td>SID<\/td>\n<td>google.com<\/td>\n<td>2 a\u00f1os<\/td>\n<td>Terceros<\/td>\n<td>Publicitaria<\/td>\n<td>Esta cookie es establecida por Google y tiene una finalidad publicitaria. Contiene un valor generado aleatoriamente \u00fanico que permite a la Plataforma distinguir navegadores y dispositivos. Esta informaci\u00f3n es utilizada para medir el rendimiento de los anuncios y proporcionar recomendaciones relativas a productos basadas en datos estad\u00edsticos.<\/td>\n<\/tr>\n<tr>\n<td>SIDCC<\/td>\n<td>google.com<\/td>\n<td>1 a\u00f1o<\/td>\n<td>Terceros<\/td>\n<td>Publicitaria<\/td>\n<td>Es utilizada por Google para proveer servicios y extraer informaci\u00f3n an\u00f3nima sobre la navegaci\u00f3n<\/td>\n<\/tr>\n<tr>\n<td>__Secure-3PAPISID<\/td>\n<td>google.com<\/td>\n<td>2 a\u00f1os<\/td>\n<td>Terceros<\/td>\n<td>Publicitaria<\/td>\n<td>Esta cookie se utiliza para entregar anuncios m\u00e1s relevantes para ti y tus intereses.<\/td>\n<\/tr>\n<tr>\n<td>SSID<\/td>\n<td>google.com<\/td>\n<td>2 a\u00f1os<\/td>\n<td>Terceros<\/td>\n<td>Publicitaria<\/td>\n<td>Esta cookie es establecida por Google y tiene una finalidad publicitaria. Contiene un valor generado aleatoriamente \u00fanico que permite a la Plataforma distinguir navegadores y dispositivos. Esta informaci\u00f3n es utilizada para medir el rendimiento de los anuncios y proporcionar recomendaciones relativas a productos basadas en datos estad\u00edsticos.<\/td>\n<\/tr>\n<tr>\n<td>SAPISID<\/td>\n<td>google.com<\/td>\n<td>2 a\u00f1os<\/td>\n<td>Terceros<\/td>\n<td>Publicitaria<\/td>\n<td>Esta cookie es establecida por Google y tiene una finalidad publicitaria. Contiene un valor generado aleatoriamente \u00fanico que permite a la Plataforma distinguir navegadores y dispositivos. Esta informaci\u00f3n es utilizada para medir el rendimiento de los anuncios y proporcionar recomendaciones relativas a productos basadas en datos estad\u00edsticos.<\/td>\n<\/tr>\n<tr>\n<td>APISID<\/td>\n<td>google.com<\/td>\n<td>2 a\u00f1os<\/td>\n<td>Terceros<\/td>\n<td>Publicitaria<\/td>\n<td>Esta cookie es establecida por Google y tiene una finalidad publicitaria. Contiene un valor generado aleatoriamente \u00fanico que permite a la Plataforma distinguir navegadores y dispositivos. Esta informaci\u00f3n es utilizada para medir el rendimiento de los anuncios y proporcionar recomendaciones relativas a productos basadas en datos estad\u00edsticos.<\/td>\n<\/tr>\n<tr>\n<td>HSID<\/td>\n<td>google.com<\/td>\n<td>2 a\u00f1os<\/td>\n<td>Terceros<\/td>\n<td>Publicitaria<\/td>\n<td>Esta cookie es establecida por Google y tiene una finalidad publicitaria. Contiene un valor generado aleatoriamente \u00fanico que permite a la Plataforma distinguir navegadores y dispositivos. Esta informaci\u00f3n es utilizada para medir el rendimiento de los anuncios y proporcionar recomendaciones relativas a productos basadas en datos estad\u00edsticos.<\/td>\n<\/tr>\n<tr>\n<td>DV<\/td>\n<td>www.google.com<\/td>\n<td>1 d\u00eda<\/td>\n<td>Terceros<\/td>\n<td>Anal\u00edtica<\/td>\n<td>Es utilizada por Google para proveer servicios y extraer informaci\u00f3n an\u00f3nima sobre la navegaci\u00f3n.<\/td>\n<\/tr>\n<tr>\n<td>1P_JAR<\/td>\n<td>google.com<\/td>\n<td>1 mes<\/td>\n<td>Terceros<\/td>\n<td>Publicitaria<\/td>\n<td>Se utiliza para almacenar informaci\u00f3n sobre c\u00f3mo utiliza el usuario el sitio web y cualquier publicidad que haya visto antes de visitar este sitio web, adem\u00e1s de para ayudar a personalizar la publicidad en las propiedades de Google recordando tus b\u00fasquedas m\u00e1s recientes, tus interacciones anteriores con los anuncios o resultados de b\u00fasqueda de un anunciante y tus visitas a un sitio web de anunciantes.<\/td>\n<\/tr>\n<tr>\n<td>ANID<\/td>\n<td>google.com<\/td>\n<td>Persistente<\/td>\n<td>Terceros<\/td>\n<td>Publicitaria<\/td>\n<td>Se utiliza con fines de segmentaci\u00f3n para crear un perfil de los intereses del visitante del sitio web con el fin de mostrar publicidad relevante y personalizada de Google.<\/td>\n<\/tr>\n<tr>\n<td>OGPC<\/td>\n<td>google.com<\/td>\n<td>1 mes<\/td>\n<td>Terceros<\/td>\n<td>Publicitaria<\/td>\n<td>Esta cookie es establecida por Google y tiene una finalidad publicitaria. Contiene un valor generado aleatoriamente \u00fanico que permite a la Plataforma distinguir navegadores y dispositivos. Esta informaci\u00f3n es utilizada para medir el rendimiento de los anuncios y proporcionar recomendaciones relativas a productos basadas en datos estad\u00edsticos.<\/td>\n<\/tr>\n<tr>\n<td>CONSENT<\/td>\n<td>google.com<\/td>\n<td>Persistente<\/td>\n<td>Terceros<\/td>\n<td>Publicitaria<\/td>\n<td>Esta cookie es establecida por Google y tiene una finalidad publicitaria. Contiene un valor generado aleatoriamente \u00fanico que permite a la Plataforma distinguir navegadores y dispositivos. Esta informaci\u00f3n es utilizada para medir el rendimiento de los anuncios y proporcionar recomendaciones relativas a productos basadas en datos estad\u00edsticos.<\/td>\n<\/tr>\n<tr>\n<td>NID<\/td>\n<td>google.com<\/td>\n<td>6 meses<\/td>\n<td>Terceros<\/td>\n<td>Publicitaria<\/td>\n<td>Esta cookie es establecida por Google y tiene una finalidad publicitaria. Contiene un valor generado aleatoriamente \u00fanico que permite a la Plataforma distinguir navegadores y dispositivos. Esta informaci\u00f3n es utilizada para medir el rendimiento de los anuncios y proporcionar recomendaciones relativas a productos basadas en datos estad\u00edsticos.<\/td>\n<\/tr>\n<\/tbody>\n<\/table>\n<\/div>\n<p>Al navegar y continuar en nuestra web nos indicas que est\u00e1s consintiendo el uso de las cookies antes enunciadas, y en las condiciones contenidas en la presente Pol\u00edtica de Cookies.[\/vc_column_text][\/vc_column][\/vc_row][\/vc_section]<\/p>\n","protected":false},"excerpt":{"rendered":"<p>[vc_section][vc_row][vc_column el_class=&#8221;container&#8221;][vc_column_text]\u00bfQu\u00e9 son las cookies? Se denominan cookies a unos peque\u00f1os archivos que se graban en el navegador utilizado por cada visitante de nuestra web para que el servidor pueda recordar la visita de ese usuario con posterioridad cuando vuelva a acceder a nuestros contenidos. Esta informaci\u00f3n no revela su identidad, ni dato personal alguno, [&hellip;]<\/p>\n","protected":false},"author":1,"featured_media":0,"parent":0,"menu_order":0,"comment_status":"closed","ping_status":"closed","template":"","meta":[],"yoast_head":"<!-- This site is optimized with the Yoast SEO plugin v18.8 - https:\/\/yoast.com\/wordpress\/plugins\/seo\/ -->\n<title>Pol\u00edtica de Cookies - Denovo Movemento<\/title>\n<meta name=\"robots\" content=\"index, follow, max-snippet:-1, max-image-preview:large, max-video-preview:-1\" \/>\n<link rel=\"canonical\" href=\"https:\/\/www.denovomovemento.com\/gl\/politica-de-cookies\/\" \/>\n<meta property=\"og:locale\" content=\"gl_ES\" \/>\n<meta property=\"og:type\" content=\"article\" \/>\n<meta property=\"og:title\" content=\"Pol\u00edtica de Cookies - Denovo Movemento\" \/>\n<meta property=\"og:description\" content=\"[vc_section][vc_row][vc_column el_class=&#8221;container&#8221;][vc_column_text]\u00bfQu\u00e9 son las cookies? Se denominan cookies a unos peque\u00f1os archivos que se graban en el navegador utilizado por cada visitante de nuestra web para que el servidor pueda recordar la visita de ese usuario con posterioridad cuando vuelva a acceder a nuestros contenidos. Esta informaci\u00f3n no revela su identidad, ni dato personal alguno, [&hellip;]\" \/>\n<meta property=\"og:url\" content=\"https:\/\/www.denovomovemento.com\/gl\/politica-de-cookies\/\" \/>\n<meta property=\"og:site_name\" content=\"Denovo Movemento\" \/>\n<meta name=\"twitter:card\" content=\"summary_large_image\" \/>\n<meta name=\"twitter:label1\" content=\"Tempo de lectura\" \/>\n\t<meta name=\"twitter:data1\" content=\"8 minutos\" \/>\n<script type=\"application\/ld+json\" class=\"yoast-schema-graph\">{\"@context\":\"https:\/\/schema.org\",\"@graph\":[{\"@type\":\"WebSite\",\"@id\":\"https:\/\/www.denovomovemento.com\/#website\",\"url\":\"https:\/\/www.denovomovemento.com\/\",\"name\":\"Denovo Movemento\",\"description\":\"\",\"potentialAction\":[{\"@type\":\"SearchAction\",\"target\":{\"@type\":\"EntryPoint\",\"urlTemplate\":\"https:\/\/www.denovomovemento.com\/?s={search_term_string}\"},\"query-input\":\"required name=search_term_string\"}],\"inLanguage\":\"gl-ES\"},{\"@type\":\"WebPage\",\"@id\":\"https:\/\/www.denovomovemento.com\/gl\/politica-de-cookies\/#webpage\",\"url\":\"https:\/\/www.denovomovemento.com\/gl\/politica-de-cookies\/\",\"name\":\"Pol\u00edtica de Cookies - Denovo Movemento\",\"isPartOf\":{\"@id\":\"https:\/\/www.denovomovemento.com\/#website\"},\"datePublished\":\"2020-09-09T06:35:29+00:00\",\"dateModified\":\"2020-09-09T06:35:29+00:00\",\"breadcrumb\":{\"@id\":\"https:\/\/www.denovomovemento.com\/gl\/politica-de-cookies\/#breadcrumb\"},\"inLanguage\":\"gl-ES\",\"potentialAction\":[{\"@type\":\"ReadAction\",\"target\":[\"https:\/\/www.denovomovemento.com\/gl\/politica-de-cookies\/\"]}]},{\"@type\":\"BreadcrumbList\",\"@id\":\"https:\/\/www.denovomovemento.com\/gl\/politica-de-cookies\/#breadcrumb\",\"itemListElement\":[{\"@type\":\"ListItem\",\"position\":1,\"name\":\"Pol\u00edtica de Cookies\"}]}]}<\/script>\n<!-- \/ Yoast SEO plugin. -->","yoast_head_json":{"title":"Pol\u00edtica de Cookies - Denovo Movemento","robots":{"index":"index","follow":"follow","max-snippet":"max-snippet:-1","max-image-preview":"max-image-preview:large","max-video-preview":"max-video-preview:-1"},"canonical":"https:\/\/www.denovomovemento.com\/gl\/politica-de-cookies\/","og_locale":"gl_ES","og_type":"article","og_title":"Pol\u00edtica de Cookies - Denovo Movemento","og_description":"[vc_section][vc_row][vc_column el_class=&#8221;container&#8221;][vc_column_text]\u00bfQu\u00e9 son las cookies? Se denominan cookies a unos peque\u00f1os archivos que se graban en el navegador utilizado por cada visitante de nuestra web para que el servidor pueda recordar la visita de ese usuario con posterioridad cuando vuelva a acceder a nuestros contenidos. Esta informaci\u00f3n no revela su identidad, ni dato personal alguno, [&hellip;]","og_url":"https:\/\/www.denovomovemento.com\/gl\/politica-de-cookies\/","og_site_name":"Denovo Movemento","twitter_card":"summary_large_image","twitter_misc":{"Tempo de lectura":"8 minutos"},"schema":{"@context":"https:\/\/schema.org","@graph":[{"@type":"WebSite","@id":"https:\/\/www.denovomovemento.com\/#website","url":"https:\/\/www.denovomovemento.com\/","name":"Denovo Movemento","description":"","potentialAction":[{"@type":"SearchAction","target":{"@type":"EntryPoint","urlTemplate":"https:\/\/www.denovomovemento.com\/?s={search_term_string}"},"query-input":"required name=search_term_string"}],"inLanguage":"gl-ES"},{"@type":"WebPage","@id":"https:\/\/www.denovomovemento.com\/gl\/politica-de-cookies\/#webpage","url":"https:\/\/www.denovomovemento.com\/gl\/politica-de-cookies\/","name":"Pol\u00edtica de Cookies - Denovo Movemento","isPartOf":{"@id":"https:\/\/www.denovomovemento.com\/#website"},"datePublished":"2020-09-09T06:35:29+00:00","dateModified":"2020-09-09T06:35:29+00:00","breadcrumb":{"@id":"https:\/\/www.denovomovemento.com\/gl\/politica-de-cookies\/#breadcrumb"},"inLanguage":"gl-ES","potentialAction":[{"@type":"ReadAction","target":["https:\/\/www.denovomovemento.com\/gl\/politica-de-cookies\/"]}]},{"@type":"BreadcrumbList","@id":"https:\/\/www.denovomovemento.com\/gl\/politica-de-cookies\/#breadcrumb","itemListElement":[{"@type":"ListItem","position":1,"name":"Pol\u00edtica de Cookies"}]}]}},"_links":{"self":[{"href":"https:\/\/www.denovomovemento.com\/gl\/wp-json\/wp\/v2\/pages\/370"}],"collection":[{"href":"https:\/\/www.denovomovemento.com\/gl\/wp-json\/wp\/v2\/pages"}],"about":[{"href":"https:\/\/www.denovomovemento.com\/gl\/wp-json\/wp\/v2\/types\/page"}],"author":[{"embeddable":true,"href":"https:\/\/www.denovomovemento.com\/gl\/wp-json\/wp\/v2\/users\/1"}],"replies":[{"embeddable":true,"href":"https:\/\/www.denovomovemento.com\/gl\/wp-json\/wp\/v2\/comments?post=370"}],"version-history":[{"count":0,"href":"https:\/\/www.denovomovemento.com\/gl\/wp-json\/wp\/v2\/pages\/370\/revisions"}],"wp:attachment":[{"href":"https:\/\/www.denovomovemento.com\/gl\/wp-json\/wp\/v2\/media?parent=370"}],"curies":[{"name":"wp","href":"https:\/\/api.w.org\/{rel}","templated":true}]}}