{"id":368,"date":"2020-08-26T06:46:04","date_gmt":"2020-08-26T04:46:04","guid":{"rendered":"https:\/\/www.denovomovemento.com\/contacto\/"},"modified":"2025-10-06T09:14:35","modified_gmt":"2025-10-06T07:14:35","slug":"contacto","status":"publish","type":"page","link":"https:\/\/www.denovomovemento.com\/gl\/contacto\/","title":{"rendered":"Contacto"},"content":{"rendered":"<p>[vc_section][vc_row][vc_column el_class=&#8221;container&#8221;][vc_row_inner][vc_column_inner offset=&#8221;vc_col-lg-4 vc_col-md-4&#8243;][vc_column_text]    <div class=\"section-title \" data-aos=\"fade-up\">\n            <h3>CONTACTA<\/h3>\n            <h2>CON N\u00d3S<\/h2>\n          <\/div>\n[\/vc_column_text][vc_column_text]<\/p>\n<ul class=\"address\">\n<li>    <i class=\"ti ti-map-pin\"><\/i>\nC\/ Javier Lo\u0301pez Lo\u0301pez, 11<br \/>\n15009 A Corun\u0303a<br \/>\n<strong><a class=\"page-scroll\" href=\"#localizacion\">Ver localizaci\u00f3n<\/a><\/strong><\/li>\n<li>    <i class=\"ti ti-map-pin\"><\/i>\nC\/ Anxo Senra Fern\u00e1ndez, 17<br \/>\n15670 Culleredo &#8211; A Coru\u00f1a<br \/>\n<strong><a class=\"page-scroll\" href=\"#localizacion\">Ver localizaci\u00f3n<\/a><\/strong><\/li>\n<li>    <i class=\"ti ti-map-pin\"><\/i>\nAvda. Mes\u00f3n, 7<br \/>\n15185 Cerceda &#8211; A Coru\u00f1a<br \/>\n<strong><a class=\"page-scroll\" href=\"#localizacion\">Ver localizaci\u00f3n<\/a><\/strong><\/li>\n<li>    <i class=\"ti ti-map-pin\"><\/i>\nR\u00faa Pol\u00edgono, 21<br \/>\n15679 O Temple &#8211; A Coru\u00f1a<br \/>\n<strong><a class=\"page-scroll\" href=\"#localizacion\">Ver localizaci\u00f3n<\/a><\/strong><\/li>\n<li>    <i class=\"ti ti-phone\"><\/i>\n689 924 933<\/li>\n<li>    <i class=\"ti ti-send\"><\/i>\ninfo@denovomovemento.com<\/li>\n<\/ul>\n<p>[\/vc_column_text][\/vc_column_inner][vc_column_inner offset=&#8221;vc_col-lg-8 vc_col-md-8&#8243;][vc_column_text]<\/p>\n<div class=\"cita\"><div role=\"form\" class=\"wpcf7\" id=\"wpcf7-f390-o1\" lang=\"es-ES\" dir=\"ltr\">\n<div class=\"screen-reader-response\"><p role=\"status\" aria-live=\"polite\" aria-atomic=\"true\"><\/p> <ul><\/ul><\/div>\n<form action=\"\/gl\/wp-json\/wp\/v2\/pages\/368#wpcf7-f390-o1\" method=\"post\" class=\"wpcf7-form init wpcf7-acceptance-as-validation\" novalidate=\"novalidate\" data-status=\"init\">\n<div style=\"display: none;\">\n<input type=\"hidden\" name=\"_wpcf7\" value=\"390\" \/>\n<input type=\"hidden\" name=\"_wpcf7_version\" value=\"5.5.6\" \/>\n<input type=\"hidden\" name=\"_wpcf7_locale\" value=\"es_ES\" \/>\n<input type=\"hidden\" name=\"_wpcf7_unit_tag\" value=\"wpcf7-f390-o1\" \/>\n<input type=\"hidden\" name=\"_wpcf7_container_post\" value=\"0\" \/>\n<input type=\"hidden\" name=\"_wpcf7_posted_data_hash\" value=\"\" \/>\n<\/div>\n<div class=\"row\">\n<div class=\"col-md-6\"><label>Nome *<\/label>\n<p><span class=\"wpcf7-form-control-wrap your-name\"><input type=\"text\" name=\"your-name\" value=\"\" size=\"40\" class=\"wpcf7-form-control wpcf7-text wpcf7-validates-as-required\" aria-required=\"true\" aria-invalid=\"false\" \/><\/span><\/p>\n<\/div>\n<div class=\"col-md-6\"><label>Email *<\/label>\n<p><span class=\"wpcf7-form-control-wrap your-real-email\"><input type=\"email\" name=\"your-real-email\" value=\"\" size=\"40\" class=\"wpcf7-form-control wpcf7-text wpcf7-email wpcf7-validates-as-required wpcf7-validates-as-email\" aria-required=\"true\" aria-invalid=\"false\" \/><\/span><\/p>\n<\/div>\n<\/div>\n<p><!-- .row --><\/p>\n<div class=\"row\">\n<div class=\"col-md-6\"><label>Tel\u00e9fono<\/label>\n<p><span class=\"wpcf7-form-control-wrap telefono\"><input type=\"text\" name=\"telefono\" value=\"\" size=\"40\" class=\"wpcf7-form-control wpcf7-text\" aria-invalid=\"false\" \/><\/span><\/p>\n<\/div>\n<div class=\"col-md-6\"><label>Asunto<\/label>\n<p><span class=\"wpcf7-form-control-wrap your-subject\"><input type=\"text\" name=\"your-subject\" value=\"\" size=\"40\" class=\"wpcf7-form-control wpcf7-text\" aria-invalid=\"false\" \/><\/span><\/p>\n<\/div>\n<\/div>\n<p><!-- .row --><\/p>\n<div class=\"row\">\n<div class=\"col-md-12\"><label>Comentarios *<\/label>\n<p><span class=\"wpcf7-form-control-wrap your-message\"><textarea name=\"your-message\" cols=\"40\" rows=\"10\" class=\"wpcf7-form-control wpcf7-textarea\" aria-invalid=\"false\"><\/textarea><\/span><span id=\"wpcf7-69dea70c7bde6-wrapper\" class=\"wpcf7-form-control-wrap your-email-wrap\" style=\"display:none !important; visibility:hidden !important;\"><label for=\"wpcf7-69dea70c7bde6-field\" class=\"hp-message\">Deixa este campo en branco, por favor.<\/label><input id=\"wpcf7-69dea70c7bde6-field\"  class=\"wpcf7-form-control wpcf7-text\" type=\"text\" name=\"your-email\" value=\"\" size=\"40\" tabindex=\"-1\" autocomplete=\"new-password\" \/><\/span><\/p>\n<div class=\"checkbox\"><label><span class=\"wpcf7-form-control-wrap acceptance-656\"><span class=\"wpcf7-form-control wpcf7-acceptance\"><span class=\"wpcf7-list-item\"><input type=\"checkbox\" name=\"acceptance-656\" value=\"1\" aria-invalid=\"false\" \/><\/span><\/span><\/span> Lin e acepto a <a href=\"https:\/\/www.denovomovemento.com\/gl\/politica-de-privacidade\" rel=\"nofollow\" target=\"_blank\">Pol\u00edtica de Privacidade<\/a><\/label><\/div>\n<p><input type=\"submit\" value=\"Enviar\" class=\"wpcf7-form-control has-spinner wpcf7-submit\" \/><\/p><\/div>\n<\/div>\n<div class=\"wpcf7-response-output\" aria-hidden=\"true\"><\/div><\/form><\/div><\/div>\n<p>[\/vc_column_text][\/vc_column_inner][\/vc_row_inner][\/vc_column][\/vc_row][\/vc_section][vc_section el_class=&#8221;pt-0&#8243; el_id=&#8221;localizacion&#8221;][vc_row][vc_column el_class=&#8221;container&#8221;][vc_column_text]<\/p>\n<div class=\"div-back-dot map\"><a href=\"https:\/\/www.google.com\/maps?ll=43.346523,-8.398335&amp;z=14&amp;t=m&amp;hl=es&amp;gl=ES&amp;mapclient=embed&amp;cid=9692437318309956220\" target=\"_blank\" rel=\"noopener noreferrer\"><img class=\"img-fluid\" src=\"https:\/\/www.denovomovemento.com\/wp-content\/uploads\/2020\/11\/captura-de-pantalla-2020-11-14-a-las-20.28.52.png\" \/><\/a><\/div>\n<p>[\/vc_column_text][\/vc_column][\/vc_row][\/vc_section]<\/p>\n","protected":false},"excerpt":{"rendered":"<p>[vc_section][vc_row][vc_column el_class=&#8221;container&#8221;][vc_row_inner][vc_column_inner offset=&#8221;vc_col-lg-4 vc_col-md-4&#8243;][vc_column_text][\/vc_column_text][vc_column_text] C\/ Javier Lo\u0301pez Lo\u0301pez, 11 15009 A Corun\u0303a Ver localizaci\u00f3n C\/ Anxo Senra Fern\u00e1ndez, 17 15670 Culleredo &#8211; A Coru\u00f1a Ver localizaci\u00f3n Avda. Mes\u00f3n, 7 15185 Cerceda &#8211; A Coru\u00f1a Ver localizaci\u00f3n R\u00faa Pol\u00edgono, 21 15679 O Temple &#8211; A Coru\u00f1a Ver localizaci\u00f3n 689 924 933 info@denovomovemento.com [\/vc_column_text][\/vc_column_inner][vc_column_inner offset=&#8221;vc_col-lg-8 vc_col-md-8&#8243;][vc_column_text] [\/vc_column_text][\/vc_column_inner][\/vc_row_inner][\/vc_column][\/vc_row][\/vc_section][vc_section [&hellip;]<\/p>\n","protected":false},"author":1,"featured_media":0,"parent":0,"menu_order":0,"comment_status":"closed","ping_status":"closed","template":"","meta":[],"yoast_head":"<!-- This site is optimized with the Yoast SEO plugin v18.8 - https:\/\/yoast.com\/wordpress\/plugins\/seo\/ -->\n<title>Contacto - Denovo Movemento<\/title>\n<meta name=\"robots\" content=\"index, follow, max-snippet:-1, max-image-preview:large, max-video-preview:-1\" \/>\n<link rel=\"canonical\" href=\"https:\/\/www.denovomovemento.com\/gl\/contacto\/\" \/>\n<meta property=\"og:locale\" content=\"gl_ES\" \/>\n<meta property=\"og:type\" content=\"article\" \/>\n<meta property=\"og:title\" content=\"Contacto - Denovo Movemento\" \/>\n<meta property=\"og:description\" content=\"[vc_section][vc_row][vc_column el_class=&#8221;container&#8221;][vc_row_inner][vc_column_inner offset=&#8221;vc_col-lg-4 vc_col-md-4&#8243;][vc_column_text][\/vc_column_text][vc_column_text] C\/ Javier Lo\u0301pez Lo\u0301pez, 11 15009 A Corun\u0303a Ver localizaci\u00f3n C\/ Anxo Senra Fern\u00e1ndez, 17 15670 Culleredo &#8211; A Coru\u00f1a Ver localizaci\u00f3n Avda. Mes\u00f3n, 7 15185 Cerceda &#8211; A Coru\u00f1a Ver localizaci\u00f3n R\u00faa Pol\u00edgono, 21 15679 O Temple &#8211; A Coru\u00f1a Ver localizaci\u00f3n 689 924 933 info@denovomovemento.com [\/vc_column_text][\/vc_column_inner][vc_column_inner offset=&#8221;vc_col-lg-8 vc_col-md-8&#8243;][vc_column_text] [\/vc_column_text][\/vc_column_inner][\/vc_row_inner][\/vc_column][\/vc_row][\/vc_section][vc_section [&hellip;]\" \/>\n<meta property=\"og:url\" content=\"https:\/\/www.denovomovemento.com\/gl\/contacto\/\" \/>\n<meta property=\"og:site_name\" content=\"Denovo Movemento\" \/>\n<meta property=\"article:modified_time\" content=\"2025-10-06T07:14:35+00:00\" \/>\n<meta property=\"og:image\" content=\"https:\/\/www.denovomovemento.com\/wp-content\/uploads\/2020\/11\/captura-de-pantalla-2020-11-14-a-las-20.28.52.png\" \/>\n<meta name=\"twitter:card\" content=\"summary_large_image\" \/>\n<meta name=\"twitter:label1\" content=\"Tempo de lectura\" \/>\n\t<meta name=\"twitter:data1\" content=\"1 minuto\" \/>\n<script type=\"application\/ld+json\" class=\"yoast-schema-graph\">{\"@context\":\"https:\/\/schema.org\",\"@graph\":[{\"@type\":\"WebSite\",\"@id\":\"https:\/\/www.denovomovemento.com\/#website\",\"url\":\"https:\/\/www.denovomovemento.com\/\",\"name\":\"Denovo Movemento\",\"description\":\"\",\"potentialAction\":[{\"@type\":\"SearchAction\",\"target\":{\"@type\":\"EntryPoint\",\"urlTemplate\":\"https:\/\/www.denovomovemento.com\/?s={search_term_string}\"},\"query-input\":\"required name=search_term_string\"}],\"inLanguage\":\"gl-ES\"},{\"@type\":\"ImageObject\",\"inLanguage\":\"gl-ES\",\"@id\":\"https:\/\/www.denovomovemento.com\/gl\/contacto\/#primaryimage\",\"url\":\"https:\/\/www.denovomovemento.com\/wp-content\/uploads\/2020\/11\/captura-de-pantalla-2020-11-14-a-las-20.28.52.png\",\"contentUrl\":\"https:\/\/www.denovomovemento.com\/wp-content\/uploads\/2020\/11\/captura-de-pantalla-2020-11-14-a-las-20.28.52.png\",\"width\":1056,\"height\":402},{\"@type\":\"WebPage\",\"@id\":\"https:\/\/www.denovomovemento.com\/gl\/contacto\/#webpage\",\"url\":\"https:\/\/www.denovomovemento.com\/gl\/contacto\/\",\"name\":\"Contacto - Denovo Movemento\",\"isPartOf\":{\"@id\":\"https:\/\/www.denovomovemento.com\/#website\"},\"primaryImageOfPage\":{\"@id\":\"https:\/\/www.denovomovemento.com\/gl\/contacto\/#primaryimage\"},\"datePublished\":\"2020-08-26T04:46:04+00:00\",\"dateModified\":\"2025-10-06T07:14:35+00:00\",\"breadcrumb\":{\"@id\":\"https:\/\/www.denovomovemento.com\/gl\/contacto\/#breadcrumb\"},\"inLanguage\":\"gl-ES\",\"potentialAction\":[{\"@type\":\"ReadAction\",\"target\":[\"https:\/\/www.denovomovemento.com\/gl\/contacto\/\"]}]},{\"@type\":\"BreadcrumbList\",\"@id\":\"https:\/\/www.denovomovemento.com\/gl\/contacto\/#breadcrumb\",\"itemListElement\":[{\"@type\":\"ListItem\",\"position\":1,\"name\":\"Contacto\"}]}]}<\/script>\n<!-- \/ Yoast SEO plugin. -->","yoast_head_json":{"title":"Contacto - Denovo Movemento","robots":{"index":"index","follow":"follow","max-snippet":"max-snippet:-1","max-image-preview":"max-image-preview:large","max-video-preview":"max-video-preview:-1"},"canonical":"https:\/\/www.denovomovemento.com\/gl\/contacto\/","og_locale":"gl_ES","og_type":"article","og_title":"Contacto - Denovo Movemento","og_description":"[vc_section][vc_row][vc_column el_class=&#8221;container&#8221;][vc_row_inner][vc_column_inner offset=&#8221;vc_col-lg-4 vc_col-md-4&#8243;][vc_column_text][\/vc_column_text][vc_column_text] C\/ Javier Lo\u0301pez Lo\u0301pez, 11 15009 A Corun\u0303a Ver localizaci\u00f3n C\/ Anxo Senra Fern\u00e1ndez, 17 15670 Culleredo &#8211; A Coru\u00f1a Ver localizaci\u00f3n Avda. Mes\u00f3n, 7 15185 Cerceda &#8211; A Coru\u00f1a Ver localizaci\u00f3n R\u00faa Pol\u00edgono, 21 15679 O Temple &#8211; A Coru\u00f1a Ver localizaci\u00f3n 689 924 933 info@denovomovemento.com [\/vc_column_text][\/vc_column_inner][vc_column_inner offset=&#8221;vc_col-lg-8 vc_col-md-8&#8243;][vc_column_text] [\/vc_column_text][\/vc_column_inner][\/vc_row_inner][\/vc_column][\/vc_row][\/vc_section][vc_section [&hellip;]","og_url":"https:\/\/www.denovomovemento.com\/gl\/contacto\/","og_site_name":"Denovo Movemento","article_modified_time":"2025-10-06T07:14:35+00:00","og_image":[{"url":"https:\/\/www.denovomovemento.com\/wp-content\/uploads\/2020\/11\/captura-de-pantalla-2020-11-14-a-las-20.28.52.png"}],"twitter_card":"summary_large_image","twitter_misc":{"Tempo de lectura":"1 minuto"},"schema":{"@context":"https:\/\/schema.org","@graph":[{"@type":"WebSite","@id":"https:\/\/www.denovomovemento.com\/#website","url":"https:\/\/www.denovomovemento.com\/","name":"Denovo Movemento","description":"","potentialAction":[{"@type":"SearchAction","target":{"@type":"EntryPoint","urlTemplate":"https:\/\/www.denovomovemento.com\/?s={search_term_string}"},"query-input":"required name=search_term_string"}],"inLanguage":"gl-ES"},{"@type":"ImageObject","inLanguage":"gl-ES","@id":"https:\/\/www.denovomovemento.com\/gl\/contacto\/#primaryimage","url":"https:\/\/www.denovomovemento.com\/wp-content\/uploads\/2020\/11\/captura-de-pantalla-2020-11-14-a-las-20.28.52.png","contentUrl":"https:\/\/www.denovomovemento.com\/wp-content\/uploads\/2020\/11\/captura-de-pantalla-2020-11-14-a-las-20.28.52.png","width":1056,"height":402},{"@type":"WebPage","@id":"https:\/\/www.denovomovemento.com\/gl\/contacto\/#webpage","url":"https:\/\/www.denovomovemento.com\/gl\/contacto\/","name":"Contacto - Denovo Movemento","isPartOf":{"@id":"https:\/\/www.denovomovemento.com\/#website"},"primaryImageOfPage":{"@id":"https:\/\/www.denovomovemento.com\/gl\/contacto\/#primaryimage"},"datePublished":"2020-08-26T04:46:04+00:00","dateModified":"2025-10-06T07:14:35+00:00","breadcrumb":{"@id":"https:\/\/www.denovomovemento.com\/gl\/contacto\/#breadcrumb"},"inLanguage":"gl-ES","potentialAction":[{"@type":"ReadAction","target":["https:\/\/www.denovomovemento.com\/gl\/contacto\/"]}]},{"@type":"BreadcrumbList","@id":"https:\/\/www.denovomovemento.com\/gl\/contacto\/#breadcrumb","itemListElement":[{"@type":"ListItem","position":1,"name":"Contacto"}]}]}},"_links":{"self":[{"href":"https:\/\/www.denovomovemento.com\/gl\/wp-json\/wp\/v2\/pages\/368"}],"collection":[{"href":"https:\/\/www.denovomovemento.com\/gl\/wp-json\/wp\/v2\/pages"}],"about":[{"href":"https:\/\/www.denovomovemento.com\/gl\/wp-json\/wp\/v2\/types\/page"}],"author":[{"embeddable":true,"href":"https:\/\/www.denovomovemento.com\/gl\/wp-json\/wp\/v2\/users\/1"}],"replies":[{"embeddable":true,"href":"https:\/\/www.denovomovemento.com\/gl\/wp-json\/wp\/v2\/comments?post=368"}],"version-history":[{"count":6,"href":"https:\/\/www.denovomovemento.com\/gl\/wp-json\/wp\/v2\/pages\/368\/revisions"}],"predecessor-version":[{"id":504,"href":"https:\/\/www.denovomovemento.com\/gl\/wp-json\/wp\/v2\/pages\/368\/revisions\/504"}],"wp:attachment":[{"href":"https:\/\/www.denovomovemento.com\/gl\/wp-json\/wp\/v2\/media?parent=368"}],"curies":[{"name":"wp","href":"https:\/\/api.w.org\/{rel}","templated":true}]}}