{"id":367,"date":"2020-09-09T08:34:19","date_gmt":"2020-09-09T06:34:19","guid":{"rendered":"https:\/\/www.denovomovemento.com\/aviso-legal\/"},"modified":"2020-09-09T08:34:19","modified_gmt":"2020-09-09T06:34:19","slug":"aviso-legal","status":"publish","type":"page","link":"https:\/\/www.denovomovemento.com\/gl\/aviso-legal\/","title":{"rendered":"Aviso Legal"},"content":{"rendered":"<p>[vc_section][vc_row][vc_column el_class=&#8221;container&#8221;][vc_column_text]<strong>DATOS IDENTIFICATIVOS DEL TITULAR DEL SITIO WEB<\/strong><\/p>\n<ul>\n<li><strong>Titular Sitio Web:<\/strong> Ismael Novo Souto (En adelante, De Novo Movemento)<\/li>\n<li><strong>Direcci\u00f3n<\/strong>: C\/Javer L\u00f3pez L\u00f3pez, 11, 15009, A Coru\u00f1a<\/li>\n<li><strong>N.I.F.:<\/strong> 33546460V<\/li>\n<li><strong>Correo electr\u00f3nico: <\/strong>info@denovomovemento.com<\/li>\n<\/ul>\n<p><strong>Todos los derechos reservados<\/strong><\/p>\n<p><strong>CONDICIONES DE USO<\/strong><\/p>\n<p>La utilizaci\u00f3n de denovomovento.es otorga la condici\u00f3n de <strong>USUARIO<\/strong>, bien sea persona f\u00edsica o jur\u00eddica e implica la aceptaci\u00f3n completa, plena y sin reservas de todas y cada una de las cl\u00e1usulas y condiciones generales contenidas en el Aviso Legal.<\/p>\n<p>El Aviso Legal est\u00e1 sujeto a cambios y actualizaciones, por lo que la versi\u00f3n publicada por denovomovemento.com puede ser diferente en cada momento que el Usuario acceda al portal. Debe asegurarse cada vez que acceda al portal.<\/p>\n<p>A trav\u00e9s de <strong>denovomovemento.com<\/strong>, se facilita al Usuario el acceso y la utilizaci\u00f3n de diversos contenidos publicados por medio de internet por De Novo Movemento o terceros autorizados.<\/p>\n<p>El\u00a0<strong>Usuario<\/strong>\u00a0est\u00e1 obligado y se compromete a utilizar\u00a0<strong>denovomovemento.com <\/strong>y los Contenidos de conformidad con la legislaci\u00f3n vigente, el Aviso Legal, y cualquier otro aviso o instrucciones puestos en su conocimiento, bien sea por medio de este aviso legal o en cualquier otro lugar dentro de los Contenidos que conforman<strong> denovomovemento.com<\/strong>, como son las normas de convivencia, la moral y buenas costumbres generalmente aceptadas. A tal efecto, el\u00a0<strong>Usuario<\/strong>\u00a0se obliga y compromete a NO utilizar cualquiera de los Contenidos con fines o efectos il\u00edcitos, prohibidos en el Aviso Legal o por la legislaci\u00f3n vigente, lesivos de los derechos e intereses de terceros, o que de cualquier forma puedan da\u00f1ar, inutilizar, sobrecargar, deteriorar o impedir la normal utilizaci\u00f3n de los Contenidos, los equipos inform\u00e1ticos o los documentos, archivos y toda clase de contenidos almacenados en cualquier equipo inform\u00e1tico propios o contratados por\u00a0<strong>denovomovemento.com<\/strong>, de otro\u00a0<strong>USUARIO<\/strong>\u00a0o de cualquier usuario de Internet (hardware y software).<\/p>\n<p>El Usuario se obliga y compromete a no transmitir, difundir o poner a disposici\u00f3n de terceros cualquier clase de material contenido en <strong>denovomovemento.com, <\/strong>tales como informaciones, textos, datos, im\u00e1genes, fotograf\u00edas, gr\u00e1ficos, dibujos, iconos, marcas, tecnolog\u00eda\u2026 \u00a0a los que tenga acceso por su condici\u00f3n de Usuario de <strong>denovomovemento.com<\/strong>, no teniendo esta lista car\u00e1cter limitativo. Asimismo, el Usuario no podr\u00e1 reproducir, copiar, distribuir, poner a disposici\u00f3n o de cualquier otra forma, comunicar p\u00fablicamente, transformar o modificar los contenidos, a menos que se cuente con la autorizaci\u00f3n escrita y expl\u00edcita de <strong>denovomovemento.com<\/strong>, que es titular de los correspondientes derechos, o bien que ello resulte legalmente permitido.<\/p>\n<p>No se asume ninguna responsabilidad del uso que los menores puedan hacer de <strong>denovomovemento.com<\/strong> en casos de que los contenidos a que se acceda puedan herir la sensibilidad de los mismos. La plena responsabilidad en la determinaci\u00f3n de los contenidos y servicios a los que acceden los menores de edad corresponde a los mayores a cuyo cargo se encuentran. Existen mecanismos, en particular programas inform\u00e1ticos de filtro y bloqueo, que permiten limitar los contenidos disponibles, siendo de especial utilidad para controlar y restringir los materiales a los que pueden acceder los menores.<\/p>\n<p><strong>PROPIEDAD INTELECTUAL<\/strong><\/p>\n<p>Todas las marcas, nombres comerciales o signos distintivos de cualquier clase que aparecen en\u00a0<strong>denovomovemento.com<\/strong> son propiedad de\u00a0<strong>De Novo Movemento<\/strong>\u00a0o, en su caso, de sus respectivos propietarios, sin que pueda entenderse que el uso o acceso al Portal y\/o a los Contenidos atribuya al\u00a0<strong>Usuario<\/strong>\u00a0derecho alguno sobre las citadas marcas, nombres comerciales y\/o signos distintivos y sin que puedan entenderse cedidos al\u00a0<strong>Usuario<\/strong>, ninguno de los derechos de explotaci\u00f3n que existen o puedan existir sobre dichos Contenidos.<\/p>\n<p>De igual modo los Contenidos son propiedad intelectual de\u00a0<strong>denovomovemento.com<\/strong>, o de terceros en su caso, por tanto, los derechos de Propiedad Intelectual son titularidad de\u00a0<strong>De Novo Movemento<\/strong>\u00a0o de terceros que han autorizado su uso, a quienes corresponde el ejercicio exclusivo de los derechos de explotaci\u00f3n de los mismos en cualquier forma y, en especial, los derechos de reproducci\u00f3n, distribuci\u00f3n, comunicaci\u00f3n p\u00fablica y transformaci\u00f3n.<\/p>\n<p>La utilizaci\u00f3n no autorizada de la informaci\u00f3n contenida en esta Web, as\u00ed como la lesi\u00f3n de los derechos de Propiedad Intelectual o Industrial de\u00a0<strong>De Novo Movemento<\/strong>\u00a0o de terceros incluidos en\u00a0<strong>denovomovemento.com<\/strong> que hayan cedido contenidos dar\u00e1 lugar a las responsabilidades legalmente establecidas.<\/p>\n<p><strong>DISPONIBILIDAD DE DENOVOMOVEMENTO.COM<\/strong><\/p>\n<p><strong>De Novo Movemento<\/strong>\u00a0no garantiza la inexistencia de interrupciones o errores en el acceso a\u00a0<strong>denovomovemento.com<\/strong>, a sus contenidos, ni que estos se encuentren actualizados, aunque desarrollar\u00e1 sus mejores esfuerzos para, en su caso, evitarlos, subsanarlos o actualizarlos. Por consiguiente,\u00a0<strong>De Novo Movemento<\/strong>\u00a0no se responsabiliza de los da\u00f1os o perjuicios de cualquier tipo producidos en el\u00a0<strong>Usuario<\/strong>\u00a0que traigan causa de fallos o desconexiones en las redes de telecomunicaciones que produzcan la suspensi\u00f3n, cancelaci\u00f3n o interrupci\u00f3n del servicio del portal durante la prestaci\u00f3n del mismo o con car\u00e1cter previo.<\/p>\n<p><strong>De Novo Movemento<\/strong>\u00a0excluye, con las excepciones contempladas en la legislaci\u00f3n vigente, cualquier responsabilidad por los da\u00f1os y perjuicios de toda naturaleza que puedan deberse a la falta de disponibilidad, continuidad o calidad del funcionamiento de\u00a0<strong>denovomovemento.com<\/strong> y de los Contenidos, al no cumplimiento de la expectativa de utilidad que el\u00a0<strong>USUARIO<\/strong>\u00a0hubiera podido atribuir a\u00a0<strong>denovomovemento.com<\/strong> y a los Contenidos.<\/p>\n<p>El acceso a\u00a0<strong>denovomovemento.com<\/strong> no implica la obligaci\u00f3n por parte de\u00a0<strong>De Novo Movemento<\/strong>\u00a0de controlar la ausencia de virus, gusanos o cualquier otro elemento inform\u00e1tico da\u00f1ino. Corresponde al\u00a0<strong>Usuario<\/strong>, en todo caso, la disponibilidad de herramientas adecuadas para la detecci\u00f3n y desinfecci\u00f3n de programas inform\u00e1ticos da\u00f1inos, por lo tanto,\u00a0<strong>De Novo Movemento<\/strong>\u00a0no se hace responsable de los posibles errores de seguridad que se puedan producir durante la prestaci\u00f3n del servicio de\u00a0<strong>denovomovemento.com<\/strong>, ni de los posibles da\u00f1os que puedan causarse al sistema inform\u00e1tico del\u00a0<strong>Usuario<\/strong>\u00a0o de terceros (hardware y software), los ficheros o documentos almacenados en el mismo, como consecuencia de la presencia de virus en el ordenador del\u00a0<strong>Usuario<\/strong>\u00a0utilizado para la conexi\u00f3n a los servicios y contenidos de la Web, de un mal funcionamiento del navegador o del uso de versiones no actualizadas del mismo.<\/p>\n<p>La prestaci\u00f3n del servicio de\u00a0<strong>denovomovemento.com<\/strong> y de los Contenidos tiene, en principio, duraci\u00f3n indefinida.\u00a0<strong>De Novo Movemento<\/strong>, no obstante, queda autorizado para dar por terminada o suspender la prestaci\u00f3n del servicio de\u00a0<strong>denovomovemento.com<\/strong> y\/o de cualquiera de los Contenidos en cualquier momento. Cuando ello sea razonablemente posible,\u00a0<strong>De Novo Movemento<\/strong>\u00a0advertir\u00e1 previamente la terminaci\u00f3n o suspensi\u00f3n de\u00a0<strong>denovomovemento.com<\/strong>.<\/p>\n<p><strong>LIMITACI\u00d3N DE RESPONSABILIDAD<\/strong><\/p>\n<p><strong>De Novo Movemento<\/strong>\u00a0excluye toda responsabilidad por las decisiones que el\u00a0<strong>Usuario<\/strong>\u00a0pueda tomar basado en esta informaci\u00f3n, as\u00ed como por los posibles errores tipogr\u00e1ficos que puedan contener los documentos y gr\u00e1ficos de\u00a0<strong>denovomovemento.com<\/strong> La informaci\u00f3n est\u00e1 sometida a posibles cambios peri\u00f3dicos sin previo aviso de su contenido por ampliaci\u00f3n, mejora, correcci\u00f3n o actualizaci\u00f3n de los Contenidos.<\/p>\n<p><strong>NOTIFICACIONES<\/strong><\/p>\n<p>Todas las notificaciones y comunicaciones por parte de\u00a0<strong>De Novo Movemento<\/strong>\u00a0al\u00a0<strong>Usuario<\/strong>\u00a0realizados por cualquier medio se considerar\u00e1n eficaces a todos los efectos.<\/p>\n<p><strong>JURISDICCI\u00d3N<\/strong><\/p>\n<p>Para cuantas cuestiones se susciten sobre la interpretaci\u00f3n, aplicaci\u00f3n y cumplimiento de este Aviso Legal, as\u00ed como de las reclamaciones que puedan derivarse de su uso, todas las partes intervinientes se someten a los Jueces y Tribunales de la provincia de A Coru\u00f1a, renunciando de forma expresa a cualquier otro fuero que pudiera corresponderles.<\/p>\n<p><strong>LEGISLACI\u00d3N APLICABLE<\/strong><\/p>\n<p>El presente Aviso Legal se rige por la normativa espa\u00f1ola vigente.[\/vc_column_text][\/vc_column][\/vc_row][\/vc_section]<\/p>\n","protected":false},"excerpt":{"rendered":"<p>[vc_section][vc_row][vc_column el_class=&#8221;container&#8221;][vc_column_text]DATOS IDENTIFICATIVOS DEL TITULAR DEL SITIO WEB Titular Sitio Web: Ismael Novo Souto (En adelante, De Novo Movemento) Direcci\u00f3n: C\/Javer L\u00f3pez L\u00f3pez, 11, 15009, A Coru\u00f1a N.I.F.: 33546460V Correo electr\u00f3nico: info@denovomovemento.com Todos los derechos reservados CONDICIONES DE USO La utilizaci\u00f3n de denovomovento.es otorga la condici\u00f3n de USUARIO, bien sea persona f\u00edsica o jur\u00eddica e [&hellip;]<\/p>\n","protected":false},"author":1,"featured_media":0,"parent":0,"menu_order":0,"comment_status":"closed","ping_status":"closed","template":"","meta":[],"yoast_head":"<!-- This site is optimized with the Yoast SEO plugin v18.8 - https:\/\/yoast.com\/wordpress\/plugins\/seo\/ -->\n<title>Aviso Legal - Denovo Movemento<\/title>\n<meta name=\"robots\" content=\"index, follow, max-snippet:-1, max-image-preview:large, max-video-preview:-1\" \/>\n<link rel=\"canonical\" href=\"https:\/\/www.denovomovemento.com\/gl\/aviso-legal\/\" \/>\n<meta property=\"og:locale\" content=\"gl_ES\" \/>\n<meta property=\"og:type\" content=\"article\" \/>\n<meta property=\"og:title\" content=\"Aviso Legal - Denovo Movemento\" \/>\n<meta property=\"og:description\" content=\"[vc_section][vc_row][vc_column el_class=&#8221;container&#8221;][vc_column_text]DATOS IDENTIFICATIVOS DEL TITULAR DEL SITIO WEB Titular Sitio Web: Ismael Novo Souto (En adelante, De Novo Movemento) Direcci\u00f3n: C\/Javer L\u00f3pez L\u00f3pez, 11, 15009, A Coru\u00f1a N.I.F.: 33546460V Correo electr\u00f3nico: info@denovomovemento.com Todos los derechos reservados CONDICIONES DE USO La utilizaci\u00f3n de denovomovento.es otorga la condici\u00f3n de USUARIO, bien sea persona f\u00edsica o jur\u00eddica e [&hellip;]\" \/>\n<meta property=\"og:url\" content=\"https:\/\/www.denovomovemento.com\/gl\/aviso-legal\/\" \/>\n<meta property=\"og:site_name\" content=\"Denovo Movemento\" \/>\n<meta name=\"twitter:card\" content=\"summary_large_image\" \/>\n<meta name=\"twitter:label1\" content=\"Tempo de lectura\" \/>\n\t<meta name=\"twitter:data1\" content=\"7 minutos\" \/>\n<script type=\"application\/ld+json\" class=\"yoast-schema-graph\">{\"@context\":\"https:\/\/schema.org\",\"@graph\":[{\"@type\":\"WebSite\",\"@id\":\"https:\/\/www.denovomovemento.com\/#website\",\"url\":\"https:\/\/www.denovomovemento.com\/\",\"name\":\"Denovo Movemento\",\"description\":\"\",\"potentialAction\":[{\"@type\":\"SearchAction\",\"target\":{\"@type\":\"EntryPoint\",\"urlTemplate\":\"https:\/\/www.denovomovemento.com\/?s={search_term_string}\"},\"query-input\":\"required name=search_term_string\"}],\"inLanguage\":\"gl-ES\"},{\"@type\":\"WebPage\",\"@id\":\"https:\/\/www.denovomovemento.com\/gl\/aviso-legal\/#webpage\",\"url\":\"https:\/\/www.denovomovemento.com\/gl\/aviso-legal\/\",\"name\":\"Aviso Legal - Denovo Movemento\",\"isPartOf\":{\"@id\":\"https:\/\/www.denovomovemento.com\/#website\"},\"datePublished\":\"2020-09-09T06:34:19+00:00\",\"dateModified\":\"2020-09-09T06:34:19+00:00\",\"breadcrumb\":{\"@id\":\"https:\/\/www.denovomovemento.com\/gl\/aviso-legal\/#breadcrumb\"},\"inLanguage\":\"gl-ES\",\"potentialAction\":[{\"@type\":\"ReadAction\",\"target\":[\"https:\/\/www.denovomovemento.com\/gl\/aviso-legal\/\"]}]},{\"@type\":\"BreadcrumbList\",\"@id\":\"https:\/\/www.denovomovemento.com\/gl\/aviso-legal\/#breadcrumb\",\"itemListElement\":[{\"@type\":\"ListItem\",\"position\":1,\"name\":\"Aviso Legal\"}]}]}<\/script>\n<!-- \/ Yoast SEO plugin. -->","yoast_head_json":{"title":"Aviso Legal - Denovo Movemento","robots":{"index":"index","follow":"follow","max-snippet":"max-snippet:-1","max-image-preview":"max-image-preview:large","max-video-preview":"max-video-preview:-1"},"canonical":"https:\/\/www.denovomovemento.com\/gl\/aviso-legal\/","og_locale":"gl_ES","og_type":"article","og_title":"Aviso Legal - Denovo Movemento","og_description":"[vc_section][vc_row][vc_column el_class=&#8221;container&#8221;][vc_column_text]DATOS IDENTIFICATIVOS DEL TITULAR DEL SITIO WEB Titular Sitio Web: Ismael Novo Souto (En adelante, De Novo Movemento) Direcci\u00f3n: C\/Javer L\u00f3pez L\u00f3pez, 11, 15009, A Coru\u00f1a N.I.F.: 33546460V Correo electr\u00f3nico: info@denovomovemento.com Todos los derechos reservados CONDICIONES DE USO La utilizaci\u00f3n de denovomovento.es otorga la condici\u00f3n de USUARIO, bien sea persona f\u00edsica o jur\u00eddica e [&hellip;]","og_url":"https:\/\/www.denovomovemento.com\/gl\/aviso-legal\/","og_site_name":"Denovo Movemento","twitter_card":"summary_large_image","twitter_misc":{"Tempo de lectura":"7 minutos"},"schema":{"@context":"https:\/\/schema.org","@graph":[{"@type":"WebSite","@id":"https:\/\/www.denovomovemento.com\/#website","url":"https:\/\/www.denovomovemento.com\/","name":"Denovo Movemento","description":"","potentialAction":[{"@type":"SearchAction","target":{"@type":"EntryPoint","urlTemplate":"https:\/\/www.denovomovemento.com\/?s={search_term_string}"},"query-input":"required name=search_term_string"}],"inLanguage":"gl-ES"},{"@type":"WebPage","@id":"https:\/\/www.denovomovemento.com\/gl\/aviso-legal\/#webpage","url":"https:\/\/www.denovomovemento.com\/gl\/aviso-legal\/","name":"Aviso Legal - Denovo Movemento","isPartOf":{"@id":"https:\/\/www.denovomovemento.com\/#website"},"datePublished":"2020-09-09T06:34:19+00:00","dateModified":"2020-09-09T06:34:19+00:00","breadcrumb":{"@id":"https:\/\/www.denovomovemento.com\/gl\/aviso-legal\/#breadcrumb"},"inLanguage":"gl-ES","potentialAction":[{"@type":"ReadAction","target":["https:\/\/www.denovomovemento.com\/gl\/aviso-legal\/"]}]},{"@type":"BreadcrumbList","@id":"https:\/\/www.denovomovemento.com\/gl\/aviso-legal\/#breadcrumb","itemListElement":[{"@type":"ListItem","position":1,"name":"Aviso Legal"}]}]}},"_links":{"self":[{"href":"https:\/\/www.denovomovemento.com\/gl\/wp-json\/wp\/v2\/pages\/367"}],"collection":[{"href":"https:\/\/www.denovomovemento.com\/gl\/wp-json\/wp\/v2\/pages"}],"about":[{"href":"https:\/\/www.denovomovemento.com\/gl\/wp-json\/wp\/v2\/types\/page"}],"author":[{"embeddable":true,"href":"https:\/\/www.denovomovemento.com\/gl\/wp-json\/wp\/v2\/users\/1"}],"replies":[{"embeddable":true,"href":"https:\/\/www.denovomovemento.com\/gl\/wp-json\/wp\/v2\/comments?post=367"}],"version-history":[{"count":0,"href":"https:\/\/www.denovomovemento.com\/gl\/wp-json\/wp\/v2\/pages\/367\/revisions"}],"wp:attachment":[{"href":"https:\/\/www.denovomovemento.com\/gl\/wp-json\/wp\/v2\/media?parent=367"}],"curies":[{"name":"wp","href":"https:\/\/api.w.org\/{rel}","templated":true}]}}